{"id":915,"date":"2021-12-13T15:17:41","date_gmt":"2021-12-13T21:17:41","guid":{"rendered":"https:\/\/promaica.com\/blog\/?page_id=915"},"modified":"2025-11-15T10:58:23","modified_gmt":"2025-11-15T16:58:23","slug":"articulos","status":"publish","type":"page","link":"https:\/\/promaica.com\/blog\/articulos\/","title":{"rendered":"Art\u00edculos"},"content":{"rendered":"\t\t<div data-elementor-type=\"wp-page\" data-elementor-id=\"915\" class=\"elementor elementor-915\" data-elementor-post-type=\"page\">\n\t\t\t\t\t\t<section class=\"elementor-section elementor-top-section elementor-element elementor-element-f7a1ccf elementor-section-full_width elementor-section-height-default elementor-section-height-default\" data-id=\"f7a1ccf\" data-element_type=\"section\" data-e-type=\"section\" data-settings=\"{&quot;background_background&quot;:&quot;classic&quot;}\">\n\t\t\t\t\t\t\t<div class=\"elementor-background-overlay\"><\/div>\n\t\t\t\t\t\t\t<div class=\"elementor-container elementor-column-gap-default\">\n\t\t\t\t\t<div class=\"elementor-column elementor-col-100 elementor-top-column elementor-element elementor-element-529a335\" data-id=\"529a335\" data-element_type=\"column\" data-e-type=\"column\">\n\t\t\t<div class=\"elementor-widget-wrap elementor-element-populated\">\n\t\t\t\t\t\t<div class=\"elementor-element elementor-element-e310d49 elementor-widget elementor-widget-heading\" data-id=\"e310d49\" data-element_type=\"widget\" data-e-type=\"widget\" data-widget_type=\"heading.default\">\n\t\t\t\t<div class=\"elementor-widget-container\">\n\t\t\t\t\t<h2 class=\"elementor-heading-title elementor-size-default\">Art\u00edculos<\/h2>\t\t\t\t<\/div>\n\t\t\t\t<\/div>\n\t\t\t\t\t<\/div>\n\t\t<\/div>\n\t\t\t\t\t<\/div>\n\t\t<\/section>\n\t\t\t\t<section class=\"elementor-section elementor-top-section elementor-element elementor-element-005b260 elementor-section-boxed elementor-section-height-default elementor-section-height-default\" data-id=\"005b260\" data-element_type=\"section\" data-e-type=\"section\">\n\t\t\t\t\t\t<div class=\"elementor-container elementor-column-gap-default\">\n\t\t\t\t\t<div class=\"elementor-column elementor-col-100 elementor-top-column elementor-element elementor-element-7190539\" data-id=\"7190539\" data-element_type=\"column\" data-e-type=\"column\">\n\t\t\t<div class=\"elementor-widget-wrap elementor-element-populated\">\n\t\t\t\t\t\t<div class=\"elementor-element elementor-element-bcf2422 elementor-grid-3 elementor-grid-tablet-2 elementor-grid-mobile-1 elementor-posts--thumbnail-top elementor-card-shadow-yes elementor-posts__hover-gradient elementor-widget elementor-widget-posts\" data-id=\"bcf2422\" data-element_type=\"widget\" data-e-type=\"widget\" data-settings=\"{&quot;pagination_type&quot;:&quot;numbers_and_prev_next&quot;,&quot;cards_columns&quot;:&quot;3&quot;,&quot;cards_columns_tablet&quot;:&quot;2&quot;,&quot;cards_columns_mobile&quot;:&quot;1&quot;,&quot;cards_row_gap&quot;:{&quot;unit&quot;:&quot;px&quot;,&quot;size&quot;:35,&quot;sizes&quot;:[]},&quot;cards_row_gap_tablet&quot;:{&quot;unit&quot;:&quot;px&quot;,&quot;size&quot;:&quot;&quot;,&quot;sizes&quot;:[]},&quot;cards_row_gap_mobile&quot;:{&quot;unit&quot;:&quot;px&quot;,&quot;size&quot;:&quot;&quot;,&quot;sizes&quot;:[]}}\" data-widget_type=\"posts.cards\">\n\t\t\t\t<div class=\"elementor-widget-container\">\n\t\t\t\t\t\t\t<div class=\"elementor-posts-container elementor-posts elementor-posts--skin-cards elementor-grid\" role=\"list\">\n\t\t\t\t<article class=\"elementor-post elementor-grid-item post-1933 post type-post status-publish format-standard hentry category-general tag-aislamientotermico-3 tag-bodegassv tag-construccionsv tag-eficienciaenergetica-3 tag-negociossv tag-panelesaislantes tag-promaica-2 tag-reducirelcalor\" role=\"listitem\">\n\t\t\t<div class=\"elementor-post__card\">\n\t\t\t\t<div class=\"elementor-post__text\">\n\t\t\t\t<h3 class=\"elementor-post__title\">\n\t\t\t<a href=\"https:\/\/promaica.com\/blog\/como-reducir-el-calor-en-una-bodega-o-negocio-en-el-salvador-soluciones-que-si-funcionan\/\" >\n\t\t\t\tC\u00f3mo reducir el calor en una bodega o negocio en El Salvador (soluciones que s\u00ed funcionan)\u00a0\u00a0\t\t\t<\/a>\n\t\t<\/h3>\n\t\t\n\t\t<a class=\"elementor-post__read-more\" href=\"https:\/\/promaica.com\/blog\/como-reducir-el-calor-en-una-bodega-o-negocio-en-el-salvador-soluciones-que-si-funcionan\/\" aria-label=\"M\u00e1s informaci\u00f3n sobre C\u00f3mo reducir el calor en una bodega o negocio en El Salvador (soluciones que s\u00ed funcionan)\u00a0\u00a0\" tabindex=\"-1\" >\n\t\t\tLeer m\u00e1s \u00bb\t\t<\/a>\n\n\t\t\t\t<\/div>\n\t\t\t\t<div class=\"elementor-post__meta-data\">\n\t\t\t\t\t<span class=\"elementor-post-date\">\n\t\t\tabril 19, 2026\t\t<\/span>\n\t\t\t\t<span class=\"elementor-post-avatar\">\n\t\t\tNo hay comentarios\t\t<\/span>\n\t\t\t\t<\/div>\n\t\t\t\t\t<\/div>\n\t\t<\/article>\n\t\t\t\t<article class=\"elementor-post elementor-grid-item post-1922 post type-post status-publish format-standard hentry category-general tag-aislamientotermico-3 tag-bodegassv tag-construccioninteligente tag-construccionsv tag-cuartosfrios-2 tag-panelesdepoliuretano tag-panelsandwich tag-promaica-2\" role=\"listitem\">\n\t\t\t<div class=\"elementor-post__card\">\n\t\t\t\t<div class=\"elementor-post__text\">\n\t\t\t\t<h3 class=\"elementor-post__title\">\n\t\t\t<a href=\"https:\/\/promaica.com\/blog\/paneles-de-poliuretano-vs-construccion-tradicional-en-el-salvador-cual-conviene-mas\/\" >\n\t\t\t\tPaneles de poliuretano vs construcci\u00f3n tradicional en El Salvador: \u00bfCu\u00e1l conviene m\u00e1s?\u00a0\t\t\t<\/a>\n\t\t<\/h3>\n\t\t\n\t\t<a class=\"elementor-post__read-more\" href=\"https:\/\/promaica.com\/blog\/paneles-de-poliuretano-vs-construccion-tradicional-en-el-salvador-cual-conviene-mas\/\" aria-label=\"M\u00e1s informaci\u00f3n sobre Paneles de poliuretano vs construcci\u00f3n tradicional en El Salvador: \u00bfCu\u00e1l conviene m\u00e1s?\u00a0\" tabindex=\"-1\" >\n\t\t\tLeer m\u00e1s \u00bb\t\t<\/a>\n\n\t\t\t\t<\/div>\n\t\t\t\t<div class=\"elementor-post__meta-data\">\n\t\t\t\t\t<span class=\"elementor-post-date\">\n\t\t\tabril 18, 2026\t\t<\/span>\n\t\t\t\t<span class=\"elementor-post-avatar\">\n\t\t\tNo hay comentarios\t\t<\/span>\n\t\t\t\t<\/div>\n\t\t\t\t\t<\/div>\n\t\t<\/article>\n\t\t\t\t<article class=\"elementor-post elementor-grid-item post-1913 post type-post status-publish format-standard hentry category-general tag-cocinasindustriales tag-construccionsv tag-higieneindustria tag-inspeccionsanitaria tag-negociossv tag-normativassanitarias-2 tag-promaica-2 tag-restaurantessv\" role=\"listitem\">\n\t\t\t<div class=\"elementor-post__card\">\n\t\t\t\t<div class=\"elementor-post__text\">\n\t\t\t\t<h3 class=\"elementor-post__title\">\n\t\t\t<a href=\"https:\/\/promaica.com\/blog\/errores-que-hacen-que-tu-negocio-no-pase-inspecciones-sanitarias-en-el-salvador-y-como-evitarlos\/\" >\n\t\t\t\tErrores que hacen que tu negocio no pase inspecciones sanitarias en El Salvador y c\u00f3mo evitarlos\u00a0\u00a0\t\t\t<\/a>\n\t\t<\/h3>\n\t\t\n\t\t<a class=\"elementor-post__read-more\" href=\"https:\/\/promaica.com\/blog\/errores-que-hacen-que-tu-negocio-no-pase-inspecciones-sanitarias-en-el-salvador-y-como-evitarlos\/\" aria-label=\"M\u00e1s informaci\u00f3n sobre Errores que hacen que tu negocio no pase inspecciones sanitarias en El Salvador y c\u00f3mo evitarlos\u00a0\u00a0\" tabindex=\"-1\" >\n\t\t\tLeer m\u00e1s \u00bb\t\t<\/a>\n\n\t\t\t\t<\/div>\n\t\t\t\t<div class=\"elementor-post__meta-data\">\n\t\t\t\t\t<span class=\"elementor-post-date\">\n\t\t\tabril 17, 2026\t\t<\/span>\n\t\t\t\t<span class=\"elementor-post-avatar\">\n\t\t\tNo hay comentarios\t\t<\/span>\n\t\t\t\t<\/div>\n\t\t\t\t\t<\/div>\n\t\t<\/article>\n\t\t\t\t<article class=\"elementor-post elementor-grid-item post-1897 post type-post status-publish format-standard hentry category-general tag-cocinasindustriales tag-curvassanitarias-2 tag-higieneindustrial-2 tag-normativassanitarias-2 tag-perfilessanitarios tag-promaica-2 tag-pvc tag-restaurantessv\" role=\"listitem\">\n\t\t\t<div class=\"elementor-post__card\">\n\t\t\t\t<div class=\"elementor-post__text\">\n\t\t\t\t<h3 class=\"elementor-post__title\">\n\t\t\t<a href=\"https:\/\/promaica.com\/blog\/perfiles-sanitarios-en-el-salvador-que-son-para-que-sirven-y-por-que-son-clave-en-tu-proyecto\/\" >\n\t\t\t\tPerfiles Sanitarios en El Salvador: Qu\u00e9 son, para qu\u00e9 sirven y por qu\u00e9 son clave en tu proyecto\u00a0\u00a0\t\t\t<\/a>\n\t\t<\/h3>\n\t\t\n\t\t<a class=\"elementor-post__read-more\" href=\"https:\/\/promaica.com\/blog\/perfiles-sanitarios-en-el-salvador-que-son-para-que-sirven-y-por-que-son-clave-en-tu-proyecto\/\" aria-label=\"M\u00e1s informaci\u00f3n sobre Perfiles Sanitarios en El Salvador: Qu\u00e9 son, para qu\u00e9 sirven y por qu\u00e9 son clave en tu proyecto\u00a0\u00a0\" tabindex=\"-1\" >\n\t\t\tLeer m\u00e1s \u00bb\t\t<\/a>\n\n\t\t\t\t<\/div>\n\t\t\t\t<div class=\"elementor-post__meta-data\">\n\t\t\t\t\t<span class=\"elementor-post-date\">\n\t\t\tabril 16, 2026\t\t<\/span>\n\t\t\t\t<span class=\"elementor-post-avatar\">\n\t\t\tNo hay comentarios\t\t<\/span>\n\t\t\t\t<\/div>\n\t\t\t\t\t<\/div>\n\t\t<\/article>\n\t\t\t\t<article class=\"elementor-post elementor-grid-item post-1880 post type-post status-publish format-standard hentry category-general tag-aislantetermico-3 tag-foamularelsalvador tag-reducirelcalor\" role=\"listitem\">\n\t\t\t<div class=\"elementor-post__card\">\n\t\t\t\t<div class=\"elementor-post__text\">\n\t\t\t\t<h3 class=\"elementor-post__title\">\n\t\t\t<a href=\"https:\/\/promaica.com\/blog\/foamular-en-el-salvador-que-es-como-funciona-y-como-ayuda-a-reducir-el-calor\/\" >\n\t\t\t\tFoamular en El Salvador: Qu\u00e9 es, c\u00f3mo funciona y c\u00f3mo ayuda a reducir el calor\u00a0\u00a0\t\t\t<\/a>\n\t\t<\/h3>\n\t\t\n\t\t<a class=\"elementor-post__read-more\" href=\"https:\/\/promaica.com\/blog\/foamular-en-el-salvador-que-es-como-funciona-y-como-ayuda-a-reducir-el-calor\/\" aria-label=\"M\u00e1s informaci\u00f3n sobre Foamular en El Salvador: Qu\u00e9 es, c\u00f3mo funciona y c\u00f3mo ayuda a reducir el calor\u00a0\u00a0\" tabindex=\"-1\" >\n\t\t\tLeer m\u00e1s \u00bb\t\t<\/a>\n\n\t\t\t\t<\/div>\n\t\t\t\t<div class=\"elementor-post__meta-data\">\n\t\t\t\t\t<span class=\"elementor-post-date\">\n\t\t\tabril 11, 2026\t\t<\/span>\n\t\t\t\t<span class=\"elementor-post-avatar\">\n\t\t\tNo hay comentarios\t\t<\/span>\n\t\t\t\t<\/div>\n\t\t\t\t\t<\/div>\n\t\t<\/article>\n\t\t\t\t<article class=\"elementor-post elementor-grid-item post-1868 post type-post status-publish format-standard hentry category-general tag-aislamientotermico-3 tag-aislanteselsalvador tag-aislhogar tag-calorsv tag-construccionsv tag-fibradevidrio-2 tag-hogarsv tag-promaica-2\" role=\"listitem\">\n\t\t\t<div class=\"elementor-post__card\">\n\t\t\t\t<div class=\"elementor-post__text\">\n\t\t\t\t<h3 class=\"elementor-post__title\">\n\t\t\t<a href=\"https:\/\/promaica.com\/blog\/fibra-de-vidrio-en-el-salvador-como-reducir-el-calor-en-tu-casa-con-aislhogar-r-8-r-11-y-r-19\/\" >\n\t\t\t\tFibra de Vidrio en El Salvador: C\u00f3mo Reducir el Calor en Tu Casa con Aislhogar R-8, R-11 y R-19\u00a0\u00a0\t\t\t<\/a>\n\t\t<\/h3>\n\t\t\n\t\t<a class=\"elementor-post__read-more\" href=\"https:\/\/promaica.com\/blog\/fibra-de-vidrio-en-el-salvador-como-reducir-el-calor-en-tu-casa-con-aislhogar-r-8-r-11-y-r-19\/\" aria-label=\"M\u00e1s informaci\u00f3n sobre Fibra de Vidrio en El Salvador: C\u00f3mo Reducir el Calor en Tu Casa con Aislhogar R-8, R-11 y R-19\u00a0\u00a0\" tabindex=\"-1\" >\n\t\t\tLeer m\u00e1s \u00bb\t\t<\/a>\n\n\t\t\t\t<\/div>\n\t\t\t\t<div class=\"elementor-post__meta-data\">\n\t\t\t\t\t<span class=\"elementor-post-date\">\n\t\t\tabril 10, 2026\t\t<\/span>\n\t\t\t\t<span class=\"elementor-post-avatar\">\n\t\t\tNo hay comentarios\t\t<\/span>\n\t\t\t\t<\/div>\n\t\t\t\t\t<\/div>\n\t\t<\/article>\n\t\t\t\t<\/div>\n\t\t\n\t\t\t\t<div class=\"e-load-more-anchor\" data-page=\"1\" data-max-page=\"8\" data-next-page=\"https:\/\/promaica.com\/blog\/wp-json\/wp\/v2\/pages\/915\/page\/2\/\"><\/div>\n\t\t\t\t<nav class=\"elementor-pagination\" aria-label=\"Paginaci\u00f3n\">\n\t\t\t<span class=\"page-numbers prev\">&laquo; Anterior<\/span>\n<span aria-current=\"page\" class=\"page-numbers current\"><span class=\"elementor-screen-only\">P\u00e1gina<\/span>1<\/span>\n<a class=\"page-numbers\" href=\"https:\/\/promaica.com\/blog\/wp-json\/wp\/v2\/pages\/915\/page\/2\/\"><span class=\"elementor-screen-only\">P\u00e1gina<\/span>2<\/a>\n<a class=\"page-numbers\" href=\"https:\/\/promaica.com\/blog\/wp-json\/wp\/v2\/pages\/915\/page\/3\/\"><span class=\"elementor-screen-only\">P\u00e1gina<\/span>3<\/a>\n<a class=\"page-numbers\" href=\"https:\/\/promaica.com\/blog\/wp-json\/wp\/v2\/pages\/915\/page\/4\/\"><span class=\"elementor-screen-only\">P\u00e1gina<\/span>4<\/a>\n<a class=\"page-numbers\" href=\"https:\/\/promaica.com\/blog\/wp-json\/wp\/v2\/pages\/915\/page\/5\/\"><span class=\"elementor-screen-only\">P\u00e1gina<\/span>5<\/a>\n<a class=\"page-numbers next\" href=\"https:\/\/promaica.com\/blog\/wp-json\/wp\/v2\/pages\/915\/page\/2\/\">Siguiente &raquo;<\/a>\t\t<\/nav>\n\t\t\t\t\t\t<\/div>\n\t\t\t\t<\/div>\n\t\t\t\t\t<\/div>\n\t\t<\/div>\n\t\t\t\t\t<\/div>\n\t\t<\/section>\n\t\t\t\t<\/div>\n\t\t","protected":false},"excerpt":{"rendered":"<p>Art\u00edculos<\/p>\n","protected":false},"author":1,"featured_media":0,"parent":0,"menu_order":0,"comment_status":"closed","ping_status":"closed","template":"","meta":{"site-sidebar-layout":"no-sidebar","site-content-layout":"page-builder","ast-site-content-layout":"default","site-content-style":"default","site-sidebar-style":"default","ast-global-header-display":"","ast-banner-title-visibility":"","ast-main-header-display":"","ast-hfb-above-header-display":"","ast-hfb-below-header-display":"","ast-hfb-mobile-header-display":"","site-post-title":"disabled","ast-breadcrumbs-content":"","ast-featured-img":"disabled","footer-sml-layout":"","ast-disable-related-posts":"","theme-transparent-header-meta":"disabled","adv-header-id-meta":"","stick-header-meta":"","header-above-stick-meta":"","header-main-stick-meta":"","header-below-stick-meta":"","astra-migrate-meta-layouts":"default","ast-page-background-enabled":"default","ast-page-background-meta":{"desktop":{"background-color":"var(--ast-global-color-4)","background-image":"","background-repeat":"repeat","background-position":"center center","background-size":"auto","background-attachment":"scroll","background-type":"","background-media":"","overlay-type":"","overlay-color":"","overlay-opacity":"","overlay-gradient":""},"tablet":{"background-color":"","background-image":"","background-repeat":"repeat","background-position":"center center","background-size":"auto","background-attachment":"scroll","background-type":"","background-media":"","overlay-type":"","overlay-color":"","overlay-opacity":"","overlay-gradient":""},"mobile":{"background-color":"","background-image":"","background-repeat":"repeat","background-position":"center center","background-size":"auto","background-attachment":"scroll","background-type":"","background-media":"","overlay-type":"","overlay-color":"","overlay-opacity":"","overlay-gradient":""}},"ast-content-background-meta":{"desktop":{"background-color":"var(--ast-global-color-5)","background-image":"","background-repeat":"repeat","background-position":"center center","background-size":"auto","background-attachment":"scroll","background-type":"","background-media":"","overlay-type":"","overlay-color":"","overlay-opacity":"","overlay-gradient":""},"tablet":{"background-color":"var(--ast-global-color-5)","background-image":"","background-repeat":"repeat","background-position":"center center","background-size":"auto","background-attachment":"scroll","background-type":"","background-media":"","overlay-type":"","overlay-color":"","overlay-opacity":"","overlay-gradient":""},"mobile":{"background-color":"var(--ast-global-color-5)","background-image":"","background-repeat":"repeat","background-position":"center center","background-size":"auto","background-attachment":"scroll","background-type":"","background-media":"","overlay-type":"","overlay-color":"","overlay-opacity":"","overlay-gradient":""}},"footnotes":""},"class_list":["post-915","page","type-page","status-publish","hentry"],"yoast_head":"<!-- This site is optimized with the Yoast SEO plugin v27.4 - https:\/\/yoast.com\/product\/yoast-seo-wordpress\/ -->\n<title>Art\u00edculos - Blog de Aislamiento y refrigeraci\u00f3n industrial<\/title>\n<meta name=\"robots\" content=\"index, follow, max-snippet:-1, max-image-preview:large, max-video-preview:-1\" \/>\n<link rel=\"canonical\" href=\"https:\/\/promaica.com\/blog\/articulos\/\" \/>\n<meta property=\"og:locale\" content=\"es_ES\" \/>\n<meta property=\"og:type\" content=\"article\" \/>\n<meta property=\"og:title\" content=\"Art\u00edculos - Blog de Aislamiento y refrigeraci\u00f3n industrial\" \/>\n<meta property=\"og:description\" content=\"Art\u00edculos\" \/>\n<meta property=\"og:url\" content=\"https:\/\/promaica.com\/blog\/articulos\/\" \/>\n<meta property=\"og:site_name\" content=\"Blog de Aislamiento y refrigeraci\u00f3n industrial\" \/>\n<meta property=\"article:modified_time\" content=\"2025-11-15T16:58:23+00:00\" \/>\n<meta name=\"twitter:card\" content=\"summary_large_image\" \/>\n<meta name=\"twitter:label1\" content=\"Tiempo de lectura\" \/>\n\t<meta name=\"twitter:data1\" content=\"2 minutos\" \/>\n<script type=\"application\/ld+json\" class=\"yoast-schema-graph\">{\"@context\":\"https:\\\/\\\/schema.org\",\"@graph\":[{\"@type\":\"WebPage\",\"@id\":\"https:\\\/\\\/promaica.com\\\/blog\\\/articulos\\\/\",\"url\":\"https:\\\/\\\/promaica.com\\\/blog\\\/articulos\\\/\",\"name\":\"Art\u00edculos - Blog de Aislamiento y refrigeraci\u00f3n industrial\",\"isPartOf\":{\"@id\":\"https:\\\/\\\/promaica.com\\\/blog\\\/#website\"},\"datePublished\":\"2021-12-13T21:17:41+00:00\",\"dateModified\":\"2025-11-15T16:58:23+00:00\",\"breadcrumb\":{\"@id\":\"https:\\\/\\\/promaica.com\\\/blog\\\/articulos\\\/#breadcrumb\"},\"inLanguage\":\"es\",\"potentialAction\":[{\"@type\":\"ReadAction\",\"target\":[\"https:\\\/\\\/promaica.com\\\/blog\\\/articulos\\\/\"]}]},{\"@type\":\"BreadcrumbList\",\"@id\":\"https:\\\/\\\/promaica.com\\\/blog\\\/articulos\\\/#breadcrumb\",\"itemListElement\":[{\"@type\":\"ListItem\",\"position\":1,\"name\":\"Portada\",\"item\":\"https:\\\/\\\/promaica.com\\\/blog\\\/\"},{\"@type\":\"ListItem\",\"position\":2,\"name\":\"Art\u00edculos\"}]},{\"@type\":\"WebSite\",\"@id\":\"https:\\\/\\\/promaica.com\\\/blog\\\/#website\",\"url\":\"https:\\\/\\\/promaica.com\\\/blog\\\/\",\"name\":\"Blog de Aislamiento y refrigeraci\u00f3n industrial\",\"description\":\"PROMAICA\",\"publisher\":{\"@id\":\"https:\\\/\\\/promaica.com\\\/blog\\\/#organization\"},\"potentialAction\":[{\"@type\":\"SearchAction\",\"target\":{\"@type\":\"EntryPoint\",\"urlTemplate\":\"https:\\\/\\\/promaica.com\\\/blog\\\/?s={search_term_string}\"},\"query-input\":{\"@type\":\"PropertyValueSpecification\",\"valueRequired\":true,\"valueName\":\"search_term_string\"}}],\"inLanguage\":\"es\"},{\"@type\":\"Organization\",\"@id\":\"https:\\\/\\\/promaica.com\\\/blog\\\/#organization\",\"name\":\"Blog de Aislamiento y refrigeraci\u00f3n industrial\",\"url\":\"https:\\\/\\\/promaica.com\\\/blog\\\/\",\"logo\":{\"@type\":\"ImageObject\",\"inLanguage\":\"es\",\"@id\":\"https:\\\/\\\/promaica.com\\\/blog\\\/#\\\/schema\\\/logo\\\/image\\\/\",\"url\":\"https:\\\/\\\/promaica.com\\\/blog\\\/wp-content\\\/uploads\\\/2021\\\/11\\\/logo-promaica-blanco.png\",\"contentUrl\":\"https:\\\/\\\/promaica.com\\\/blog\\\/wp-content\\\/uploads\\\/2021\\\/11\\\/logo-promaica-blanco.png\",\"width\":138,\"height\":40,\"caption\":\"Blog de Aislamiento y refrigeraci\u00f3n industrial\"},\"image\":{\"@id\":\"https:\\\/\\\/promaica.com\\\/blog\\\/#\\\/schema\\\/logo\\\/image\\\/\"}}]}<\/script>\n<!-- \/ Yoast SEO plugin. -->","yoast_head_json":{"title":"Art\u00edculos - Blog de Aislamiento y refrigeraci\u00f3n industrial","robots":{"index":"index","follow":"follow","max-snippet":"max-snippet:-1","max-image-preview":"max-image-preview:large","max-video-preview":"max-video-preview:-1"},"canonical":"https:\/\/promaica.com\/blog\/articulos\/","og_locale":"es_ES","og_type":"article","og_title":"Art\u00edculos - Blog de Aislamiento y refrigeraci\u00f3n industrial","og_description":"Art\u00edculos","og_url":"https:\/\/promaica.com\/blog\/articulos\/","og_site_name":"Blog de Aislamiento y refrigeraci\u00f3n industrial","article_modified_time":"2025-11-15T16:58:23+00:00","twitter_card":"summary_large_image","twitter_misc":{"Tiempo de lectura":"2 minutos"},"schema":{"@context":"https:\/\/schema.org","@graph":[{"@type":"WebPage","@id":"https:\/\/promaica.com\/blog\/articulos\/","url":"https:\/\/promaica.com\/blog\/articulos\/","name":"Art\u00edculos - Blog de Aislamiento y refrigeraci\u00f3n industrial","isPartOf":{"@id":"https:\/\/promaica.com\/blog\/#website"},"datePublished":"2021-12-13T21:17:41+00:00","dateModified":"2025-11-15T16:58:23+00:00","breadcrumb":{"@id":"https:\/\/promaica.com\/blog\/articulos\/#breadcrumb"},"inLanguage":"es","potentialAction":[{"@type":"ReadAction","target":["https:\/\/promaica.com\/blog\/articulos\/"]}]},{"@type":"BreadcrumbList","@id":"https:\/\/promaica.com\/blog\/articulos\/#breadcrumb","itemListElement":[{"@type":"ListItem","position":1,"name":"Portada","item":"https:\/\/promaica.com\/blog\/"},{"@type":"ListItem","position":2,"name":"Art\u00edculos"}]},{"@type":"WebSite","@id":"https:\/\/promaica.com\/blog\/#website","url":"https:\/\/promaica.com\/blog\/","name":"Blog de Aislamiento y refrigeraci\u00f3n industrial","description":"PROMAICA","publisher":{"@id":"https:\/\/promaica.com\/blog\/#organization"},"potentialAction":[{"@type":"SearchAction","target":{"@type":"EntryPoint","urlTemplate":"https:\/\/promaica.com\/blog\/?s={search_term_string}"},"query-input":{"@type":"PropertyValueSpecification","valueRequired":true,"valueName":"search_term_string"}}],"inLanguage":"es"},{"@type":"Organization","@id":"https:\/\/promaica.com\/blog\/#organization","name":"Blog de Aislamiento y refrigeraci\u00f3n industrial","url":"https:\/\/promaica.com\/blog\/","logo":{"@type":"ImageObject","inLanguage":"es","@id":"https:\/\/promaica.com\/blog\/#\/schema\/logo\/image\/","url":"https:\/\/promaica.com\/blog\/wp-content\/uploads\/2021\/11\/logo-promaica-blanco.png","contentUrl":"https:\/\/promaica.com\/blog\/wp-content\/uploads\/2021\/11\/logo-promaica-blanco.png","width":138,"height":40,"caption":"Blog de Aislamiento y refrigeraci\u00f3n industrial"},"image":{"@id":"https:\/\/promaica.com\/blog\/#\/schema\/logo\/image\/"}}]}},"_links":{"self":[{"href":"https:\/\/promaica.com\/blog\/wp-json\/wp\/v2\/pages\/915","targetHints":{"allow":["GET"]}}],"collection":[{"href":"https:\/\/promaica.com\/blog\/wp-json\/wp\/v2\/pages"}],"about":[{"href":"https:\/\/promaica.com\/blog\/wp-json\/wp\/v2\/types\/page"}],"author":[{"embeddable":true,"href":"https:\/\/promaica.com\/blog\/wp-json\/wp\/v2\/users\/1"}],"replies":[{"embeddable":true,"href":"https:\/\/promaica.com\/blog\/wp-json\/wp\/v2\/comments?post=915"}],"version-history":[{"count":143,"href":"https:\/\/promaica.com\/blog\/wp-json\/wp\/v2\/pages\/915\/revisions"}],"predecessor-version":[{"id":1811,"href":"https:\/\/promaica.com\/blog\/wp-json\/wp\/v2\/pages\/915\/revisions\/1811"}],"wp:attachment":[{"href":"https:\/\/promaica.com\/blog\/wp-json\/wp\/v2\/media?parent=915"}],"curies":[{"name":"wp","href":"https:\/\/api.w.org\/{rel}","templated":true}]}}