{"id":468,"date":"2021-01-20T16:57:04","date_gmt":"2021-01-20T22:57:04","guid":{"rendered":"http:\/\/promaica.com\/blog\/contact\/"},"modified":"2025-09-11T16:47:31","modified_gmt":"2025-09-11T22:47:31","slug":"contacto","status":"publish","type":"page","link":"https:\/\/promaica.com\/blog\/contacto\/","title":{"rendered":"Contacto"},"content":{"rendered":"\t\t<div data-elementor-type=\"wp-page\" data-elementor-id=\"468\" class=\"elementor elementor-468\" data-elementor-post-type=\"page\">\n\t\t\t\t\t\t<section class=\"elementor-section elementor-top-section elementor-element elementor-element-9bc29c4 elementor-section-boxed elementor-section-height-default elementor-section-height-default\" data-id=\"9bc29c4\" data-element_type=\"section\" data-e-type=\"section\" data-settings=\"{&quot;background_background&quot;:&quot;classic&quot;}\">\n\t\t\t\t\t\t<div class=\"elementor-container elementor-column-gap-no\">\n\t\t\t\t\t<div class=\"elementor-column elementor-col-50 elementor-top-column elementor-element elementor-element-ca35567\" data-id=\"ca35567\" data-element_type=\"column\" data-e-type=\"column\">\n\t\t\t<div class=\"elementor-widget-wrap elementor-element-populated\">\n\t\t\t\t\t\t<div class=\"elementor-element elementor-element-4026326 elementor-widget elementor-widget-heading\" data-id=\"4026326\" data-element_type=\"widget\" data-e-type=\"widget\" data-widget_type=\"heading.default\">\n\t\t\t\t<div class=\"elementor-widget-container\">\n\t\t\t\t\t<h6 class=\"elementor-heading-title elementor-size-default\">Ponerse en contacto<\/h6>\t\t\t\t<\/div>\n\t\t\t\t<\/div>\n\t\t\t\t<div class=\"elementor-element elementor-element-2210691 elementor-widget elementor-widget-heading\" data-id=\"2210691\" data-element_type=\"widget\" data-e-type=\"widget\" data-widget_type=\"heading.default\">\n\t\t\t\t<div class=\"elementor-widget-container\">\n\t\t\t\t\t<h1 class=\"elementor-heading-title elementor-size-default\">Contacto<\/h1>\t\t\t\t<\/div>\n\t\t\t\t<\/div>\n\t\t\t\t<div class=\"elementor-element elementor-element-30f5f2b elementor-widget elementor-widget-text-editor\" data-id=\"30f5f2b\" data-element_type=\"widget\" data-e-type=\"widget\" data-widget_type=\"text-editor.default\">\n\t\t\t\t<div class=\"elementor-widget-container\">\n\t\t\t\t\t\t\t\t\t<p>Tienes dudas o consultas ponte en contacto con nosotros por correo electr\u00f3nico o tambi\u00e9n puedes llamarnos.<\/p>\t\t\t\t\t\t\t\t<\/div>\n\t\t\t\t<\/div>\n\t\t\t\t<div class=\"elementor-element elementor-element-d62c61e elementor-view-stacked elementor-position-inline-start elementor-shape-circle elementor-mobile-position-block-start elementor-widget elementor-widget-icon-box\" data-id=\"d62c61e\" data-element_type=\"widget\" data-e-type=\"widget\" data-widget_type=\"icon-box.default\">\n\t\t\t\t<div class=\"elementor-widget-container\">\n\t\t\t\t\t\t\t<div class=\"elementor-icon-box-wrapper\">\n\n\t\t\t\t\t\t<div class=\"elementor-icon-box-icon\">\n\t\t\t\t<a href=\"mailto:ventas@promaica.com\" class=\"elementor-icon\" tabindex=\"-1\" aria-label=\"Escr\u00edbenos\">\n\t\t\t\t<i aria-hidden=\"true\" class=\"fas fa-envelope\"><\/i>\t\t\t\t<\/a>\n\t\t\t<\/div>\n\t\t\t\n\t\t\t\t\t\t<div class=\"elementor-icon-box-content\">\n\n\t\t\t\t\t\t\t\t\t<h6 class=\"elementor-icon-box-title\">\n\t\t\t\t\t\t<a href=\"mailto:ventas@promaica.com\" >\n\t\t\t\t\t\t\tEscr\u00edbenos\t\t\t\t\t\t<\/a>\n\t\t\t\t\t<\/h6>\n\t\t\t\t\n\t\t\t\t\t\t\t\t\t<p class=\"elementor-icon-box-description\">\n\t\t\t\t\t\tventas@promaica.com\t\t\t\t\t<\/p>\n\t\t\t\t\n\t\t\t<\/div>\n\t\t\t\n\t\t<\/div>\n\t\t\t\t\t\t<\/div>\n\t\t\t\t<\/div>\n\t\t\t\t<div class=\"elementor-element elementor-element-7a0e710 elementor-view-stacked elementor-position-inline-start elementor-shape-circle elementor-mobile-position-block-start elementor-widget elementor-widget-icon-box\" data-id=\"7a0e710\" data-element_type=\"widget\" data-e-type=\"widget\" data-widget_type=\"icon-box.default\">\n\t\t\t\t<div class=\"elementor-widget-container\">\n\t\t\t\t\t\t\t<div class=\"elementor-icon-box-wrapper\">\n\n\t\t\t\t\t\t<div class=\"elementor-icon-box-icon\">\n\t\t\t\t<a href=\"tel:+50325150030\" class=\"elementor-icon\" tabindex=\"-1\" aria-label=\"Hablemos\">\n\t\t\t\t<i aria-hidden=\"true\" class=\"fas fa-phone-alt\"><\/i>\t\t\t\t<\/a>\n\t\t\t<\/div>\n\t\t\t\n\t\t\t\t\t\t<div class=\"elementor-icon-box-content\">\n\n\t\t\t\t\t\t\t\t\t<h6 class=\"elementor-icon-box-title\">\n\t\t\t\t\t\t<a href=\"tel:+50325150030\" >\n\t\t\t\t\t\t\tHablemos\t\t\t\t\t\t<\/a>\n\t\t\t\t\t<\/h6>\n\t\t\t\t\n\t\t\t\t\t\t\t\t\t<p class=\"elementor-icon-box-description\">\n\t\t\t\t\t\t(503) 2515 0030\t\t\t\t\t<\/p>\n\t\t\t\t\n\t\t\t<\/div>\n\t\t\t\n\t\t<\/div>\n\t\t\t\t\t\t<\/div>\n\t\t\t\t<\/div>\n\t\t\t\t<section class=\"elementor-section elementor-inner-section elementor-element elementor-element-c87b0e4 elementor-section-content-middle elementor-section-boxed elementor-section-height-default elementor-section-height-default\" data-id=\"c87b0e4\" data-element_type=\"section\" data-e-type=\"section\">\n\t\t\t\t\t\t<div class=\"elementor-container elementor-column-gap-no\">\n\t\t\t\t\t<div class=\"elementor-column elementor-col-33 elementor-inner-column elementor-element elementor-element-e9dc7c5\" data-id=\"e9dc7c5\" data-element_type=\"column\" data-e-type=\"column\">\n\t\t\t<div class=\"elementor-widget-wrap elementor-element-populated\">\n\t\t\t\t\t\t<div class=\"elementor-element elementor-element-f596c3f elementor-widget elementor-widget-heading\" data-id=\"f596c3f\" data-element_type=\"widget\" data-e-type=\"widget\" data-widget_type=\"heading.default\">\n\t\t\t\t<div class=\"elementor-widget-container\">\n\t\t\t\t\t<h6 class=\"elementor-heading-title elementor-size-default\">Mantente conectado<\/h6>\t\t\t\t<\/div>\n\t\t\t\t<\/div>\n\t\t\t\t\t<\/div>\n\t\t<\/div>\n\t\t\t\t<div class=\"elementor-column elementor-col-66 elementor-inner-column elementor-element elementor-element-0b6e285\" data-id=\"0b6e285\" data-element_type=\"column\" data-e-type=\"column\">\n\t\t\t<div class=\"elementor-widget-wrap elementor-element-populated\">\n\t\t\t\t\t\t<div class=\"elementor-element elementor-element-c95a1c1 elementor-shape-circle e-grid-align-left e-grid-align-mobile-center elementor-grid-0 elementor-widget elementor-widget-social-icons\" data-id=\"c95a1c1\" data-element_type=\"widget\" data-e-type=\"widget\" data-widget_type=\"social-icons.default\">\n\t\t\t\t<div class=\"elementor-widget-container\">\n\t\t\t\t\t\t\t<div class=\"elementor-social-icons-wrapper elementor-grid\" role=\"list\">\n\t\t\t\t\t\t\t<span class=\"elementor-grid-item\" role=\"listitem\">\n\t\t\t\t\t<a class=\"elementor-icon elementor-social-icon elementor-social-icon-facebook elementor-repeater-item-ff3f9a9\" href=\"https:\/\/www.facebook.com\/GrupoPromaica\/\" target=\"_blank\">\n\t\t\t\t\t\t<span class=\"elementor-screen-only\">Facebook<\/span>\n\t\t\t\t\t\t<i aria-hidden=\"true\" class=\"fab fa-facebook\"><\/i>\t\t\t\t\t<\/a>\n\t\t\t\t<\/span>\n\t\t\t\t\t\t\t<span class=\"elementor-grid-item\" role=\"listitem\">\n\t\t\t\t\t<a class=\"elementor-icon elementor-social-icon elementor-social-icon-instagram elementor-repeater-item-670007c\" href=\"https:\/\/www.instagram.com\/promaica_sv\/\" target=\"_blank\">\n\t\t\t\t\t\t<span class=\"elementor-screen-only\">Instagram<\/span>\n\t\t\t\t\t\t<i aria-hidden=\"true\" class=\"fab fa-instagram\"><\/i>\t\t\t\t\t<\/a>\n\t\t\t\t<\/span>\n\t\t\t\t\t\t\t<span class=\"elementor-grid-item\" role=\"listitem\">\n\t\t\t\t\t<a class=\"elementor-icon elementor-social-icon elementor-social-icon-youtube elementor-repeater-item-6812137\" href=\"https:\/\/www.youtube.com\/channel\/UCqrOOs-_Vd9tnJFsipSEj0A\" target=\"_blank\">\n\t\t\t\t\t\t<span class=\"elementor-screen-only\">Youtube<\/span>\n\t\t\t\t\t\t<i aria-hidden=\"true\" class=\"fab fa-youtube\"><\/i>\t\t\t\t\t<\/a>\n\t\t\t\t<\/span>\n\t\t\t\t\t\t\t<span class=\"elementor-grid-item\" role=\"listitem\">\n\t\t\t\t\t<a class=\"elementor-icon elementor-social-icon elementor-social-icon-whatsapp elementor-repeater-item-d3e79d5\" href=\"https:\/\/api.whatsapp.com\/send?phone=50325150030\" target=\"_blank\">\n\t\t\t\t\t\t<span class=\"elementor-screen-only\">Whatsapp<\/span>\n\t\t\t\t\t\t<i aria-hidden=\"true\" class=\"fab fa-whatsapp\"><\/i>\t\t\t\t\t<\/a>\n\t\t\t\t<\/span>\n\t\t\t\t\t\t\t<span class=\"elementor-grid-item\" role=\"listitem\">\n\t\t\t\t\t<a class=\"elementor-icon elementor-social-icon elementor-social-icon-linkedin elementor-repeater-item-6c396ef\" href=\"https:\/\/www.linkedin.com\/company\/promaica-el-salvador\/\" target=\"_blank\">\n\t\t\t\t\t\t<span class=\"elementor-screen-only\">Linkedin<\/span>\n\t\t\t\t\t\t<i aria-hidden=\"true\" class=\"fab fa-linkedin\"><\/i>\t\t\t\t\t<\/a>\n\t\t\t\t<\/span>\n\t\t\t\t\t<\/div>\n\t\t\t\t\t\t<\/div>\n\t\t\t\t<\/div>\n\t\t\t\t\t<\/div>\n\t\t<\/div>\n\t\t\t\t\t<\/div>\n\t\t<\/section>\n\t\t\t\t\t<\/div>\n\t\t<\/div>\n\t\t\t\t<div class=\"elementor-column elementor-col-50 elementor-top-column elementor-element elementor-element-0929767\" data-id=\"0929767\" data-element_type=\"column\" data-e-type=\"column\" data-settings=\"{&quot;background_background&quot;:&quot;classic&quot;}\">\n\t\t\t<div class=\"elementor-widget-wrap elementor-element-populated\">\n\t\t\t\t\t\t<div class=\"elementor-element elementor-element-0b3d1d3 elementor-widget-tablet__width-initial elementor-widget elementor-widget-html\" data-id=\"0b3d1d3\" data-element_type=\"widget\" data-e-type=\"widget\" data-widget_type=\"html.default\">\n\t\t\t\t<div class=\"elementor-widget-container\">\n\t\t\t\t\t<div id=\"zf_div_xhStnO-s2DTS9fTCa1N0DDNQ8r9YWgPfz8phZNv-xKM\">\r\n<\/div>\r\n<script type=\"text\/javascript\">\r\n(function() {\r\n\ttry{\r\n\t\tvar f = document.createElement(\"iframe\");\r\n\t\t\r\n\t\t\tvar ifrmSrc = 'https:\/\/forms.zohopublic.com\/promaica\/form\/FormulariodecontactoPROMAICA\/formperma\/xhStnO-s2DTS9fTCa1N0DDNQ8r9YWgPfz8phZNv-xKM?zf_rszfm=1';\r\n\t\t\r\n\t\t\r\n        try{\r\n\t\t\tif ( typeof ZFAdvLead != \"undefined\" && typeof zfutm_zfAdvLead != \"undefined\" ) {\r\n\t\t\t\tfor( var prmIdx = 0 ; prmIdx < ZFAdvLead.utmPNameArr.length ; prmIdx ++ ) {\r\n\t\t\t\t    var utmPm = ZFAdvLead.utmPNameArr[ prmIdx ];\r\n\t\t\t\t    utmPm = ( ZFAdvLead.isSameDomian && ( ZFAdvLead.utmcustPNameArr.indexOf(utmPm) == -1 ) ) ? \"zf_\" + utmPm : utmPm;\r\n\t\t\t\t    var utmVal = zfutm_zfAdvLead.zfautm_gC_enc( ZFAdvLead.utmPNameArr[ prmIdx ] );\r\n\t\t\t\t    if ( typeof utmVal !== \"undefined\" ) {\r\n\t\t\t\t      if ( utmVal != \"\" ) {\r\n\t\t\t\t        if(ifrmSrc.indexOf('?') > 0){\r\n\t\t\t\t             ifrmSrc = ifrmSrc+'&'+utmPm+'='+utmVal;\r\n\t\t\t\t        }else{\r\n\t\t\t\t            ifrmSrc = ifrmSrc+'?'+utmPm+'='+utmVal;\r\n\t\t\t\t        }\r\n\t\t\t\t      }\r\n\t\t\t\t    }\r\n\t\t\t\t}\r\n\t\t\t}\r\n\t\t\tif ( typeof ZFLead !== \"undefined\" && typeof zfutm_zfLead !== \"undefined\" ) {\r\n\t\t\t\tfor( var prmIdx = 0 ; prmIdx < ZFLead.utmPNameArr.length ; prmIdx ++ ) {\r\n\t\t        \tvar utmPm = ZFLead.utmPNameArr[ prmIdx ];\r\n\t\t        \tvar utmVal = zfutm_zfLead.zfutm_gC_enc( ZFLead.utmPNameArr[ prmIdx ] );\r\n\t\t\t        if ( typeof utmVal !== \"undefined\" ) {\r\n\t\t\t          if ( utmVal != \"\" ){\r\n\t\t\t            if(ifrmSrc.indexOf('?') > 0){\r\n\t\t\t              ifrmSrc = ifrmSrc+'&'+utmPm+'='+utmVal;\/\/No I18N\r\n\t\t\t            }else{\r\n\t\t\t              ifrmSrc = ifrmSrc+'?'+utmPm+'='+utmVal;\/\/No I18N\r\n\t\t\t            }\r\n\t\t\t          }\r\n\t\t\t        }\r\n\t\t      \t}\r\n\t\t\t}\r\n\t\t}catch(e){}\r\n\t\t\r\n\t\tf.src = ifrmSrc;\r\n\t\tf.style.border=\"none\";\r\n\t\tf.style.height=\"550px\";\r\n\t\tf.style.width=\"100%\";\r\n\t\tf.style.transition=\"all 0.5s ease\";\r\n\t\tf.setAttribute(\"aria-label\", 'Formulario de contacto \\- PROMAICA S.A. DE C.V.');\r\n\t\t\r\n\t\tvar d = document.getElementById(\"zf_div_xhStnO-s2DTS9fTCa1N0DDNQ8r9YWgPfz8phZNv-xKM\");\r\n\t\td.appendChild(f);\r\n\t\twindow.addEventListener('message', function (){\r\n\t\t\tvar evntData = event.data;\r\n\t\t\tif( evntData && evntData.constructor == String ){\r\n\t\t\t\tvar zf_ifrm_data = evntData.split(\"|\");\r\n\t\t\t\tif ( zf_ifrm_data.length == 2 || zf_ifrm_data.length == 3 ) {\r\n\t\t\t\t\tvar zf_perma = zf_ifrm_data[0];\r\n\t\t\t\t\tvar zf_ifrm_ht_nw = ( parseInt(zf_ifrm_data[1], 10) + 15 ) + \"px\";\r\n\t\t\t\t\tvar iframe = document.getElementById(\"zf_div_xhStnO-s2DTS9fTCa1N0DDNQ8r9YWgPfz8phZNv-xKM\").getElementsByTagName(\"iframe\")[0];\r\n\t\t\t\t\tif ( (iframe.src).indexOf('formperma') > 0 && (iframe.src).indexOf(zf_perma) > 0 ) {\r\n\t\t\t\t\t\tvar prevIframeHeight = iframe.style.height;\r\n\t\t\t\t\t\tvar zf_tout = false;\r\n\t\t\t\t\t\tif( zf_ifrm_data.length == 3 ) {\r\n\t\t\t\t\t\t    iframe.scrollIntoView();\r\n\t\t\t\t\t\t    zf_tout = true;\r\n\t\t\t\t\t\t}\r\n\r\n\t\t\t\t\t\tif ( prevIframeHeight != zf_ifrm_ht_nw ) {\r\n\t\t\t\t\t\t\tif( zf_tout ) {\r\n\t\t\t\t\t\t\t    setTimeout(function(){\r\n\t\t\t\t\t\t\t        iframe.style.height = zf_ifrm_ht_nw;\r\n\t\t\t\t\t\t\t    },500);\r\n\t\t\t\t\t\t\t} else {\r\n\t\t\t\t\t\t\t    iframe.style.height = zf_ifrm_ht_nw;\r\n\t\t\t\t\t\t\t}\r\n\t\t\t\t\t\t}\r\n\t\t\t\t\t}\r\n\t\t\t\t}\r\n\t\t\t}\r\n\t\t}, false);\r\n    }catch(e){}\r\n})();\r\n<\/script>\t\t\r\n\r\n\r\n\r\n\r\n\t\t\t\t<\/div>\n\t\t\t\t<\/div>\n\t\t\t\t\t<\/div>\n\t\t<\/div>\n\t\t\t\t\t<\/div>\n\t\t<\/section>\n\t\t\t\t<section class=\"elementor-section elementor-top-section elementor-element elementor-element-7d867b24 elementor-section-full_width elementor-section-height-min-height elementor-section-height-default elementor-section-items-middle\" data-id=\"7d867b24\" data-element_type=\"section\" data-e-type=\"section\">\n\t\t\t\t\t\t<div class=\"elementor-container elementor-column-gap-no\">\n\t\t\t\t\t<div class=\"elementor-column elementor-col-100 elementor-top-column elementor-element elementor-element-7b97ba57\" data-id=\"7b97ba57\" data-element_type=\"column\" data-e-type=\"column\">\n\t\t\t<div class=\"elementor-widget-wrap elementor-element-populated\">\n\t\t\t\t\t\t<div class=\"elementor-element elementor-element-951ecf5 elementor-widget-tablet__width-initial elementor-widget elementor-widget-google_maps\" data-id=\"951ecf5\" data-element_type=\"widget\" data-e-type=\"widget\" data-widget_type=\"google_maps.default\">\n\t\t\t\t<div class=\"elementor-widget-container\">\n\t\t\t\t\t\t\t<div class=\"elementor-custom-embed\">\n\t\t\t<iframe loading=\"lazy\"\n\t\t\t\t\tsrc=\"https:\/\/maps.google.com\/maps?q=Promaica%20S.A%2C%20San%20Salvador%2C%20El%20Salvador&#038;t=m&#038;z=18&#038;output=embed&#038;iwloc=near\"\n\t\t\t\t\ttitle=\"Promaica S.A, San Salvador, El Salvador\"\n\t\t\t\t\taria-label=\"Promaica S.A, San Salvador, El Salvador\"\n\t\t\t><\/iframe>\n\t\t<\/div>\n\t\t\t\t\t\t<\/div>\n\t\t\t\t<\/div>\n\t\t\t\t\t<\/div>\n\t\t<\/div>\n\t\t\t\t\t<\/div>\n\t\t<\/section>\n\t\t\t\t<\/div>\n\t\t","protected":false},"excerpt":{"rendered":"<p>Ponerse en contacto Contacto Tienes dudas o consultas ponte en contacto con nosotros por correo electr\u00f3nico o tambi\u00e9n puedes llamarnos. Escr\u00edbenos ventas@promaica.com Hablemos (503) 2515 0030 Mantente conectado Facebook Instagram Youtube Whatsapp Linkedin<\/p>\n","protected":false},"author":1,"featured_media":0,"parent":0,"menu_order":0,"comment_status":"closed","ping_status":"closed","template":"","meta":{"site-sidebar-layout":"no-sidebar","site-content-layout":"page-builder","ast-site-content-layout":"default","site-content-style":"default","site-sidebar-style":"default","ast-global-header-display":"","ast-banner-title-visibility":"","ast-main-header-display":"","ast-hfb-above-header-display":"","ast-hfb-below-header-display":"","ast-hfb-mobile-header-display":"","site-post-title":"disabled","ast-breadcrumbs-content":"disabled","ast-featured-img":"disabled","footer-sml-layout":"","ast-disable-related-posts":"","theme-transparent-header-meta":"disabled","adv-header-id-meta":"","stick-header-meta":"","header-above-stick-meta":"","header-main-stick-meta":"","header-below-stick-meta":"","astra-migrate-meta-layouts":"default","ast-page-background-enabled":"default","ast-page-background-meta":{"desktop":{"background-color":"var(--ast-global-color-4)","background-image":"","background-repeat":"repeat","background-position":"center center","background-size":"auto","background-attachment":"scroll","background-type":"","background-media":"","overlay-type":"","overlay-color":"","overlay-opacity":"","overlay-gradient":""},"tablet":{"background-color":"","background-image":"","background-repeat":"repeat","background-position":"center center","background-size":"auto","background-attachment":"scroll","background-type":"","background-media":"","overlay-type":"","overlay-color":"","overlay-opacity":"","overlay-gradient":""},"mobile":{"background-color":"","background-image":"","background-repeat":"repeat","background-position":"center center","background-size":"auto","background-attachment":"scroll","background-type":"","background-media":"","overlay-type":"","overlay-color":"","overlay-opacity":"","overlay-gradient":""}},"ast-content-background-meta":{"desktop":{"background-color":"var(--ast-global-color-5)","background-image":"","background-repeat":"repeat","background-position":"center center","background-size":"auto","background-attachment":"scroll","background-type":"","background-media":"","overlay-type":"","overlay-color":"","overlay-opacity":"","overlay-gradient":""},"tablet":{"background-color":"var(--ast-global-color-5)","background-image":"","background-repeat":"repeat","background-position":"center center","background-size":"auto","background-attachment":"scroll","background-type":"","background-media":"","overlay-type":"","overlay-color":"","overlay-opacity":"","overlay-gradient":""},"mobile":{"background-color":"var(--ast-global-color-5)","background-image":"","background-repeat":"repeat","background-position":"center center","background-size":"auto","background-attachment":"scroll","background-type":"","background-media":"","overlay-type":"","overlay-color":"","overlay-opacity":"","overlay-gradient":""}},"footnotes":""},"class_list":["post-468","page","type-page","status-publish","hentry"],"yoast_head":"<!-- This site is optimized with the Yoast SEO plugin v27.4 - https:\/\/yoast.com\/product\/yoast-seo-wordpress\/ -->\n<title>Contacto - Blog de Aislamiento y refrigeraci\u00f3n industrial<\/title>\n<meta name=\"robots\" content=\"index, follow, max-snippet:-1, max-image-preview:large, max-video-preview:-1\" \/>\n<link rel=\"canonical\" href=\"https:\/\/promaica.com\/blog\/contacto\/\" \/>\n<meta property=\"og:locale\" content=\"es_ES\" \/>\n<meta property=\"og:type\" content=\"article\" \/>\n<meta property=\"og:title\" content=\"Contacto - Blog de Aislamiento y refrigeraci\u00f3n industrial\" \/>\n<meta property=\"og:description\" content=\"Ponerse en contacto Contacto Tienes dudas o consultas ponte en contacto con nosotros por correo electr\u00f3nico o tambi\u00e9n puedes llamarnos. Escr\u00edbenos ventas@promaica.com Hablemos (503) 2515 0030 Mantente conectado Facebook Instagram Youtube Whatsapp Linkedin\" \/>\n<meta property=\"og:url\" content=\"https:\/\/promaica.com\/blog\/contacto\/\" \/>\n<meta property=\"og:site_name\" content=\"Blog de Aislamiento y refrigeraci\u00f3n industrial\" \/>\n<meta property=\"article:modified_time\" content=\"2025-09-11T22:47:31+00:00\" \/>\n<meta name=\"twitter:card\" content=\"summary_large_image\" \/>\n<meta name=\"twitter:label1\" content=\"Tiempo de lectura\" \/>\n\t<meta name=\"twitter:data1\" content=\"1 minuto\" \/>\n<script type=\"application\/ld+json\" class=\"yoast-schema-graph\">{\"@context\":\"https:\\\/\\\/schema.org\",\"@graph\":[{\"@type\":\"WebPage\",\"@id\":\"https:\\\/\\\/promaica.com\\\/blog\\\/contacto\\\/\",\"url\":\"https:\\\/\\\/promaica.com\\\/blog\\\/contacto\\\/\",\"name\":\"Contacto - Blog de Aislamiento y refrigeraci\u00f3n industrial\",\"isPartOf\":{\"@id\":\"https:\\\/\\\/promaica.com\\\/blog\\\/#website\"},\"datePublished\":\"2021-01-20T22:57:04+00:00\",\"dateModified\":\"2025-09-11T22:47:31+00:00\",\"breadcrumb\":{\"@id\":\"https:\\\/\\\/promaica.com\\\/blog\\\/contacto\\\/#breadcrumb\"},\"inLanguage\":\"es\",\"potentialAction\":[{\"@type\":\"ReadAction\",\"target\":[\"https:\\\/\\\/promaica.com\\\/blog\\\/contacto\\\/\"]}]},{\"@type\":\"BreadcrumbList\",\"@id\":\"https:\\\/\\\/promaica.com\\\/blog\\\/contacto\\\/#breadcrumb\",\"itemListElement\":[{\"@type\":\"ListItem\",\"position\":1,\"name\":\"Portada\",\"item\":\"https:\\\/\\\/promaica.com\\\/blog\\\/\"},{\"@type\":\"ListItem\",\"position\":2,\"name\":\"Contacto\"}]},{\"@type\":\"WebSite\",\"@id\":\"https:\\\/\\\/promaica.com\\\/blog\\\/#website\",\"url\":\"https:\\\/\\\/promaica.com\\\/blog\\\/\",\"name\":\"Blog de Aislamiento y refrigeraci\u00f3n industrial\",\"description\":\"PROMAICA\",\"publisher\":{\"@id\":\"https:\\\/\\\/promaica.com\\\/blog\\\/#organization\"},\"potentialAction\":[{\"@type\":\"SearchAction\",\"target\":{\"@type\":\"EntryPoint\",\"urlTemplate\":\"https:\\\/\\\/promaica.com\\\/blog\\\/?s={search_term_string}\"},\"query-input\":{\"@type\":\"PropertyValueSpecification\",\"valueRequired\":true,\"valueName\":\"search_term_string\"}}],\"inLanguage\":\"es\"},{\"@type\":\"Organization\",\"@id\":\"https:\\\/\\\/promaica.com\\\/blog\\\/#organization\",\"name\":\"Blog de Aislamiento y refrigeraci\u00f3n industrial\",\"url\":\"https:\\\/\\\/promaica.com\\\/blog\\\/\",\"logo\":{\"@type\":\"ImageObject\",\"inLanguage\":\"es\",\"@id\":\"https:\\\/\\\/promaica.com\\\/blog\\\/#\\\/schema\\\/logo\\\/image\\\/\",\"url\":\"https:\\\/\\\/promaica.com\\\/blog\\\/wp-content\\\/uploads\\\/2021\\\/11\\\/logo-promaica-blanco.png\",\"contentUrl\":\"https:\\\/\\\/promaica.com\\\/blog\\\/wp-content\\\/uploads\\\/2021\\\/11\\\/logo-promaica-blanco.png\",\"width\":138,\"height\":40,\"caption\":\"Blog de Aislamiento y refrigeraci\u00f3n industrial\"},\"image\":{\"@id\":\"https:\\\/\\\/promaica.com\\\/blog\\\/#\\\/schema\\\/logo\\\/image\\\/\"}}]}<\/script>\n<!-- \/ Yoast SEO plugin. -->","yoast_head_json":{"title":"Contacto - Blog de Aislamiento y refrigeraci\u00f3n industrial","robots":{"index":"index","follow":"follow","max-snippet":"max-snippet:-1","max-image-preview":"max-image-preview:large","max-video-preview":"max-video-preview:-1"},"canonical":"https:\/\/promaica.com\/blog\/contacto\/","og_locale":"es_ES","og_type":"article","og_title":"Contacto - Blog de Aislamiento y refrigeraci\u00f3n industrial","og_description":"Ponerse en contacto Contacto Tienes dudas o consultas ponte en contacto con nosotros por correo electr\u00f3nico o tambi\u00e9n puedes llamarnos. Escr\u00edbenos ventas@promaica.com Hablemos (503) 2515 0030 Mantente conectado Facebook Instagram Youtube Whatsapp Linkedin","og_url":"https:\/\/promaica.com\/blog\/contacto\/","og_site_name":"Blog de Aislamiento y refrigeraci\u00f3n industrial","article_modified_time":"2025-09-11T22:47:31+00:00","twitter_card":"summary_large_image","twitter_misc":{"Tiempo de lectura":"1 minuto"},"schema":{"@context":"https:\/\/schema.org","@graph":[{"@type":"WebPage","@id":"https:\/\/promaica.com\/blog\/contacto\/","url":"https:\/\/promaica.com\/blog\/contacto\/","name":"Contacto - Blog de Aislamiento y refrigeraci\u00f3n industrial","isPartOf":{"@id":"https:\/\/promaica.com\/blog\/#website"},"datePublished":"2021-01-20T22:57:04+00:00","dateModified":"2025-09-11T22:47:31+00:00","breadcrumb":{"@id":"https:\/\/promaica.com\/blog\/contacto\/#breadcrumb"},"inLanguage":"es","potentialAction":[{"@type":"ReadAction","target":["https:\/\/promaica.com\/blog\/contacto\/"]}]},{"@type":"BreadcrumbList","@id":"https:\/\/promaica.com\/blog\/contacto\/#breadcrumb","itemListElement":[{"@type":"ListItem","position":1,"name":"Portada","item":"https:\/\/promaica.com\/blog\/"},{"@type":"ListItem","position":2,"name":"Contacto"}]},{"@type":"WebSite","@id":"https:\/\/promaica.com\/blog\/#website","url":"https:\/\/promaica.com\/blog\/","name":"Blog de Aislamiento y refrigeraci\u00f3n industrial","description":"PROMAICA","publisher":{"@id":"https:\/\/promaica.com\/blog\/#organization"},"potentialAction":[{"@type":"SearchAction","target":{"@type":"EntryPoint","urlTemplate":"https:\/\/promaica.com\/blog\/?s={search_term_string}"},"query-input":{"@type":"PropertyValueSpecification","valueRequired":true,"valueName":"search_term_string"}}],"inLanguage":"es"},{"@type":"Organization","@id":"https:\/\/promaica.com\/blog\/#organization","name":"Blog de Aislamiento y refrigeraci\u00f3n industrial","url":"https:\/\/promaica.com\/blog\/","logo":{"@type":"ImageObject","inLanguage":"es","@id":"https:\/\/promaica.com\/blog\/#\/schema\/logo\/image\/","url":"https:\/\/promaica.com\/blog\/wp-content\/uploads\/2021\/11\/logo-promaica-blanco.png","contentUrl":"https:\/\/promaica.com\/blog\/wp-content\/uploads\/2021\/11\/logo-promaica-blanco.png","width":138,"height":40,"caption":"Blog de Aislamiento y refrigeraci\u00f3n industrial"},"image":{"@id":"https:\/\/promaica.com\/blog\/#\/schema\/logo\/image\/"}}]}},"_links":{"self":[{"href":"https:\/\/promaica.com\/blog\/wp-json\/wp\/v2\/pages\/468","targetHints":{"allow":["GET"]}}],"collection":[{"href":"https:\/\/promaica.com\/blog\/wp-json\/wp\/v2\/pages"}],"about":[{"href":"https:\/\/promaica.com\/blog\/wp-json\/wp\/v2\/types\/page"}],"author":[{"embeddable":true,"href":"https:\/\/promaica.com\/blog\/wp-json\/wp\/v2\/users\/1"}],"replies":[{"embeddable":true,"href":"https:\/\/promaica.com\/blog\/wp-json\/wp\/v2\/comments?post=468"}],"version-history":[{"count":62,"href":"https:\/\/promaica.com\/blog\/wp-json\/wp\/v2\/pages\/468\/revisions"}],"predecessor-version":[{"id":1801,"href":"https:\/\/promaica.com\/blog\/wp-json\/wp\/v2\/pages\/468\/revisions\/1801"}],"wp:attachment":[{"href":"https:\/\/promaica.com\/blog\/wp-json\/wp\/v2\/media?parent=468"}],"curies":[{"name":"wp","href":"https:\/\/api.w.org\/{rel}","templated":true}]}}